{"id":349,"date":"2026-04-30T20:37:05","date_gmt":"2026-04-30T20:37:05","guid":{"rendered":"https:\/\/lavintokarting.fi\/?page_id=349"},"modified":"2026-05-02T13:13:43","modified_gmt":"2026-05-02T13:13:43","slug":"varauskalenteri","status":"publish","type":"page","link":"https:\/\/lavintokarting.fi\/?page_id=349","title":{"rendered":"Varauskalenteri"},"content":{"rendered":"\n<p><strong>Huom! Nettivarausten aikarajoitus<\/strong><br>Nettivaraus on mahdollista vain yli <strong>24 tunnin p\u00e4\u00e4h\u00e4n<\/strong>.<br>Jos tarvitset ajan nopeammin, nappaa <strong>puhelin k\u00e4teen ja soita<\/strong> \u2013 j\u00e4rjestet\u00e4\u00e4n asia parhaamme mukaan.<br><style>#slotti-avcal-75dc42e3-2ba9-4338-a004-6f94eec8fa64 *{opacity:1 !important;visibility:visible !important;transform:none !important;}#slotti-avcal-75dc42e3-2ba9-4338-a004-6f94eec8fa64,#slotti-avcal-75dc42e3-2ba9-4338-a004-6f94eec8fa64 *{font-size:12px !important;line-height:1.4 !important;}.slotti-avcal-modal-backdrop{position:fixed;inset:0;background:rgba(0,0,0,.55);z-index:99999;display:flex;align-items:center;justify-content:center;padding:16px;}\n.slotti-avcal-modal{background:#fff;color:#111;max-width:520px;width:100%;max-height:90vh;overflow:auto;border-radius:8px;box-shadow:0 10px 40px rgba(0,0,0,.4);position:relative;font-size:14px;line-height:1.4;}\n.slotti-avcal-modal-header{padding:18px 20px;border-bottom:1px solid #e5e7eb;}\n.slotti-avcal-modal-header h3{margin:0;font-size:18px;line-height:1.3;}\n.slotti-avcal-modal-summary{margin:6px 0 0;color:#374151;}\n.slotti-avcal-modal-close{position:absolute;top:8px;right:10px;background:transparent;border:0;font-size:24px;line-height:1;cursor:pointer;color:#6b7280;padding:4px 8px;}\n.slotti-avcal-modal-close:hover{color:#111;}\n.slotti-avcal-modal-body{padding:18px 20px;}\n.slotti-avcal-modal-body label{display:block;margin:10px 0 4px;font-weight:600;}\n.slotti-avcal-modal-body input[type=text],\n.slotti-avcal-modal-body input[type=email],\n.slotti-avcal-modal-body input[type=tel],\n.slotti-avcal-modal-body input[type=number],\n.slotti-avcal-modal-body select,\n.slotti-avcal-modal-body textarea{width:100%;box-sizing:border-box;padding:8px 10px;border:1px solid #d1d5db;border-radius:4px;font-size:14px;background:#fff;color:#111;}\n.slotti-avcal-modal-body textarea{resize:vertical;}\n.slotti-avcal-modal-body .slotti-avcal-field-error{color:#b91c1c;font-size:13px;margin:4px 0 0;}\n.slotti-avcal-modal-body .has-error input,\n.slotti-avcal-modal-body .has-error select,\n.slotti-avcal-modal-body .has-error textarea{border-color:#b91c1c;}\n.slotti-avcal-hp{position:absolute !important;left:-10000px !important;top:auto;width:1px;height:1px;overflow:hidden;}\n.slotti-avcal-modal-consent{margin-top:14px;padding:10px;background:#f9fafb;border:1px solid #e5e7eb;border-radius:4px;}\n.slotti-avcal-modal-consent label{display:flex;gap:8px;align-items:flex-start;margin:0;font-weight:400;}\n.slotti-avcal-modal-consent input{margin-top:3px;flex-shrink:0;}\n.slotti-avcal-modal-footer{padding:14px 20px;border-top:1px solid #e5e7eb;display:flex;gap:10px;justify-content:flex-end;}\n.slotti-avcal-modal-footer button{padding:8px 16px;border:0;border-radius:4px;cursor:pointer;font-size:14px;font-weight:600;}\n.slotti-avcal-btn-primary{background:#1d4ed8;color:#fff;}\n.slotti-avcal-btn-primary:hover{background:#1e40af;}\n.slotti-avcal-btn-primary:disabled{background:#9ca3af;cursor:not-allowed;}\n.slotti-avcal-btn-secondary{background:#e5e7eb;color:#111;}\n.slotti-avcal-btn-secondary:hover{background:#d1d5db;}\n.slotti-avcal-modal-status{padding:18px 20px;}\n.slotti-avcal-modal-status.is-success{color:#065f46;background:#d1fae5;}\n.slotti-avcal-modal-status.is-error{color:#7f1d1d;background:#fee2e2;}\n.slotti-avcal-modal-status p:first-child{margin-top:0;}\n.slotti-avcal-modal-status p:last-child{margin-bottom:0;}\n.slotti-avcal-error-list{margin:8px 0 0;padding-left:18px;}<\/style><div class=\"slotti-avcal-wrap\"><div id=\"slotti-avcal-75dc42e3-2ba9-4338-a004-6f94eec8fa64\" class=\"slotti-avcal\" data-resource-guid=\"cf373be7-a659-4b23-90a8-247dd5dca50a\" data-resource-id=\"\"><\/div><\/div><\/p>\n\n\n\n<p><\/p>\n","protected":false},"excerpt":{"rendered":"<p>Huom! Nettivarausten aikarajoitusNettivaraus on mahdollista vain yli 24 tunnin p\u00e4\u00e4h\u00e4n.Jos tarvitset ajan nopeammin, nappaa puhelin k\u00e4teen ja soita \u2013 j\u00e4rjestet\u00e4\u00e4n asia parhaamme mukaan.<\/p>\n","protected":false},"author":1,"featured_media":0,"parent":0,"menu_order":0,"comment_status":"closed","ping_status":"closed","template":"","meta":{"_kad_post_transparent":"","_kad_post_title":"","_kad_post_layout":"","_kad_post_sidebar_id":"","_kad_post_content_style":"","_kad_post_vertical_padding":"","_kad_post_feature":"","_kad_post_feature_position":"","_kad_post_header":false,"_kad_post_footer":false,"_kad_post_classname":"","footnotes":""},"class_list":["post-349","page","type-page","status-publish","hentry"],"jetpack_sharing_enabled":true,"_links":{"self":[{"href":"https:\/\/lavintokarting.fi\/index.php?rest_route=\/wp\/v2\/pages\/349","targetHints":{"allow":["GET"]}}],"collection":[{"href":"https:\/\/lavintokarting.fi\/index.php?rest_route=\/wp\/v2\/pages"}],"about":[{"href":"https:\/\/lavintokarting.fi\/index.php?rest_route=\/wp\/v2\/types\/page"}],"author":[{"embeddable":true,"href":"https:\/\/lavintokarting.fi\/index.php?rest_route=\/wp\/v2\/users\/1"}],"replies":[{"embeddable":true,"href":"https:\/\/lavintokarting.fi\/index.php?rest_route=%2Fwp%2Fv2%2Fcomments&post=349"}],"version-history":[{"count":6,"href":"https:\/\/lavintokarting.fi\/index.php?rest_route=\/wp\/v2\/pages\/349\/revisions"}],"predecessor-version":[{"id":394,"href":"https:\/\/lavintokarting.fi\/index.php?rest_route=\/wp\/v2\/pages\/349\/revisions\/394"}],"wp:attachment":[{"href":"https:\/\/lavintokarting.fi\/index.php?rest_route=%2Fwp%2Fv2%2Fmedia&parent=349"}],"curies":[{"name":"wp","href":"https:\/\/api.w.org\/{rel}","templated":true}]}}