{"id":193,"date":"2026-04-06T04:44:36","date_gmt":"2026-04-06T04:44:36","guid":{"rendered":"https:\/\/lavintokarting.fi\/?page_id=193"},"modified":"2026-04-06T04:59:40","modified_gmt":"2026-04-06T04:59:40","slug":"rata-kalusto","status":"publish","type":"page","link":"https:\/\/lavintokarting.fi\/?page_id=193","title":{"rendered":"Rata &#038; Kalusto"},"content":{"rendered":"\t\t<div data-elementor-type=\"wp-page\" data-elementor-id=\"193\" class=\"elementor elementor-193\">\n\t\t\t\t<div class=\"elementor-element elementor-element-27f9f20 e-flex e-con-boxed e-con e-parent\" data-id=\"27f9f20\" data-element_type=\"container\" data-e-type=\"container\">\n\t\t\t\t\t<div class=\"e-con-inner\">\n\t\t<div class=\"elementor-element elementor-element-160332d e-con-full e-flex e-con e-child\" data-id=\"160332d\" data-element_type=\"container\" data-e-type=\"container\">\n\t\t\t\t\t\t\t\n\t\t\t<img class=\"e-image-base \" \n\t\t\t\t\tdata-interaction-id=\"6a88256\" \n\t\t \n\t\t \n\t\t\t\t\t\t\t\t\tid=\"181\"\n\t\t\t\t\t\t\t\t\t\t\t\tsrc=\"https:\/\/lavintokarting.fi\/wp-content\/uploads\/2026\/03\/tausta1.webp\"\n\t\t\t\t\t\t\t\t\t\t\t\twidth=\"1440\"\n\t\t\t\t\t\t\t\t\t\t\t\theight=\"1920\"\n\t\t\t\t\t\t\t\t\t\t\t\tsrcset=\"https:\/\/lavintokarting.fi\/wp-content\/uploads\/2026\/03\/tausta1.webp 1440w, https:\/\/lavintokarting.fi\/wp-content\/uploads\/2026\/03\/tausta1-225x300.webp 225w, https:\/\/lavintokarting.fi\/wp-content\/uploads\/2026\/03\/tausta1-768x1024.webp 768w, https:\/\/lavintokarting.fi\/wp-content\/uploads\/2026\/03\/tausta1-1152x1536.webp 1152w, https:\/\/lavintokarting.fi\/wp-content\/uploads\/2026\/03\/tausta1-600x800.webp 600w\"\n\t\t\t\t\t\t\t\t\t\t\t\talt=\"\"\n\t\t\t\t\t\t\/>\n\t\t\t\t\t<div class=\"elementor-element elementor-element-f2871e4 elementor-widget elementor-widget-text-editor\" data-id=\"f2871e4\" data-element_type=\"widget\" data-e-type=\"widget\" data-widget_type=\"text-editor.default\">\n\t\t\t\t\t\t\t\t\t<p>Kalustona Raket 120 moottorilla varustettuja vauhtipelej\u00e4. My\u00f6s lapsille l\u00f6ytyy muutamia malleja.<\/p>\t\t\t\t\t\t\t\t<\/div>\n\t\t\t\t\t\t\t\n\t\t\t<img class=\"e-image-base \" \n\t\t\t\t\tdata-interaction-id=\"efc580d\" \n\t\t \n\t\t \n\t\t\t\t\t\t\t\t\tid=\"299\"\n\t\t\t\t\t\t\t\t\t\t\t\tsrc=\"https:\/\/lavintokarting.fi\/wp-content\/uploads\/2026\/04\/648795093_122120775837087115_8165432523288240375_n.webp\"\n\t\t\t\t\t\t\t\t\t\t\t\twidth=\"1440\"\n\t\t\t\t\t\t\t\t\t\t\t\theight=\"1920\"\n\t\t\t\t\t\t\t\t\t\t\t\tsrcset=\"https:\/\/lavintokarting.fi\/wp-content\/uploads\/2026\/04\/648795093_122120775837087115_8165432523288240375_n.webp 1440w, https:\/\/lavintokarting.fi\/wp-content\/uploads\/2026\/04\/648795093_122120775837087115_8165432523288240375_n-225x300.webp 225w, https:\/\/lavintokarting.fi\/wp-content\/uploads\/2026\/04\/648795093_122120775837087115_8165432523288240375_n-768x1024.webp 768w, https:\/\/lavintokarting.fi\/wp-content\/uploads\/2026\/04\/648795093_122120775837087115_8165432523288240375_n-1152x1536.webp 1152w, https:\/\/lavintokarting.fi\/wp-content\/uploads\/2026\/04\/648795093_122120775837087115_8165432523288240375_n-600x800.webp 600w\"\n\t\t\t\t\t\t\t\t\t\t\t\talt=\"\"\n\t\t\t\t\t\t\/>\n\t\t\t\t\t<div class=\"elementor-element elementor-element-6839603 elementor-widget elementor-widget-text-editor\" data-id=\"6839603\" data-element_type=\"widget\" data-e-type=\"widget\" data-widget_type=\"text-editor.default\">\n\t\t\t\t\t\t\t\t\t<p>Kyp\u00e4ri\u00e4 l\u00f6ytyy useita kokoja<\/p>\t\t\t\t\t\t\t\t<\/div>\n\t\t\t\t<\/div>\n\t\t<div class=\"elementor-element elementor-element-7f5b552 e-con-full e-flex e-con e-child\" data-id=\"7f5b552\" data-element_type=\"container\" data-e-type=\"container\">\n\t\t<div class=\"elementor-element elementor-element-16372ca e-con-full e-flex e-con e-child\" data-id=\"16372ca\" data-element_type=\"container\" data-e-type=\"container\">\n\t\t\t\t\t\t\t\n\t\t\t<img class=\"e-image-base \" \n\t\t\t\t\tdata-interaction-id=\"01fdfaa\" \n\t\t \n\t\t \n\t\t\t\t\t\t\t\t\tid=\"297\"\n\t\t\t\t\t\t\t\t\t\t\t\tsrc=\"https:\/\/lavintokarting.fi\/wp-content\/uploads\/2026\/04\/Nayttokuva-2026-02-01-105845.webp\"\n\t\t\t\t\t\t\t\t\t\t\t\twidth=\"833\"\n\t\t\t\t\t\t\t\t\t\t\t\theight=\"679\"\n\t\t\t\t\t\t\t\t\t\t\t\tsrcset=\"https:\/\/lavintokarting.fi\/wp-content\/uploads\/2026\/04\/Nayttokuva-2026-02-01-105845.webp 833w, https:\/\/lavintokarting.fi\/wp-content\/uploads\/2026\/04\/Nayttokuva-2026-02-01-105845-300x245.webp 300w, https:\/\/lavintokarting.fi\/wp-content\/uploads\/2026\/04\/Nayttokuva-2026-02-01-105845-768x626.webp 768w, https:\/\/lavintokarting.fi\/wp-content\/uploads\/2026\/04\/Nayttokuva-2026-02-01-105845-600x489.webp 600w\"\n\t\t\t\t\t\t\t\t\t\t\t\talt=\"\"\n\t\t\t\t\t\t\/>\n\t\t\t\t\t<\/div>\n\t\t\t\t<div class=\"elementor-element elementor-element-57835e4 elementor-widget elementor-widget-text-editor\" data-id=\"57835e4\" data-element_type=\"widget\" data-e-type=\"widget\" data-widget_type=\"text-editor.default\">\n\t\t\t\t\t\t\t\t\t<p>604m pitk\u00e4 rata, 7,20m leve\u00e4 ja jopa 8m korkeuserot radan eri osien v\u00e4lill\u00e4.<\/p>\t\t\t\t\t\t\t\t<\/div>\n\t\t<div class=\"elementor-element elementor-element-228b9d6 e-con-full e-flex e-con e-child\" data-id=\"228b9d6\" data-element_type=\"container\" data-e-type=\"container\">\n\t\t\t\t<\/div>\n\t\t\t\t\t\t\t\n\t\t\t<img class=\"e-image-base \" \n\t\t\t\t\tdata-interaction-id=\"ad304c1\" \n\t\t \n\t\t \n\t\t\t\t\t\t\t\t\tid=\"298\"\n\t\t\t\t\t\t\t\t\t\t\t\tsrc=\"https:\/\/lavintokarting.fi\/wp-content\/uploads\/2026\/04\/571022568_122101103673087115_1498897313551147136_n.webp\"\n\t\t\t\t\t\t\t\t\t\t\t\twidth=\"1290\"\n\t\t\t\t\t\t\t\t\t\t\t\theight=\"1566\"\n\t\t\t\t\t\t\t\t\t\t\t\tsrcset=\"https:\/\/lavintokarting.fi\/wp-content\/uploads\/2026\/04\/571022568_122101103673087115_1498897313551147136_n.webp 1290w, https:\/\/lavintokarting.fi\/wp-content\/uploads\/2026\/04\/571022568_122101103673087115_1498897313551147136_n-247x300.webp 247w, https:\/\/lavintokarting.fi\/wp-content\/uploads\/2026\/04\/571022568_122101103673087115_1498897313551147136_n-844x1024.webp 844w, https:\/\/lavintokarting.fi\/wp-content\/uploads\/2026\/04\/571022568_122101103673087115_1498897313551147136_n-768x932.webp 768w, https:\/\/lavintokarting.fi\/wp-content\/uploads\/2026\/04\/571022568_122101103673087115_1498897313551147136_n-1265x1536.webp 1265w, https:\/\/lavintokarting.fi\/wp-content\/uploads\/2026\/04\/571022568_122101103673087115_1498897313551147136_n-600x728.webp 600w\"\n\t\t\t\t\t\t\t\t\t\t\t\talt=\"\"\n\t\t\t\t\t\t\/>\n\t\t\t\t\t<div class=\"elementor-element elementor-element-42adeb3 elementor-widget elementor-widget-text-editor\" data-id=\"42adeb3\" data-element_type=\"widget\" data-e-type=\"widget\" data-widget_type=\"text-editor.default\">\n\t\t\t\t\t\t\t\t\t<p>Lis\u00e4\u00e4 kalustoa<\/p>\t\t\t\t\t\t\t\t<\/div>\n\t\t\t\t<\/div>\n\t\t\t\t\t<\/div>\n\t\t\t\t<\/div>\n\t\t\t\t<\/div>\n\t\t","protected":false},"excerpt":{"rendered":"<p>Kalustona Raket 120 moottorilla varustettuja vauhtipelej\u00e4. My\u00f6s lapsille l\u00f6ytyy muutamia malleja. Kyp\u00e4ri\u00e4 l\u00f6ytyy useita kokoja 604m pitk\u00e4 rata, 7,20m leve\u00e4 ja jopa 8m korkeuserot radan eri osien v\u00e4lill\u00e4. Lis\u00e4\u00e4 kalustoa<\/p>\n","protected":false},"author":1,"featured_media":0,"parent":0,"menu_order":0,"comment_status":"closed","ping_status":"closed","template":"","meta":{"_kad_post_transparent":"","_kad_post_title":"hide","_kad_post_layout":"fullwidth","_kad_post_sidebar_id":"","_kad_post_content_style":"unboxed","_kad_post_vertical_padding":"hide","_kad_post_feature":"hide","_kad_post_feature_position":"","_kad_post_header":false,"_kad_post_footer":false,"_kad_post_classname":"","footnotes":""},"class_list":["post-193","page","type-page","status-publish","hentry"],"jetpack_sharing_enabled":true,"_links":{"self":[{"href":"https:\/\/lavintokarting.fi\/index.php?rest_route=\/wp\/v2\/pages\/193","targetHints":{"allow":["GET"]}}],"collection":[{"href":"https:\/\/lavintokarting.fi\/index.php?rest_route=\/wp\/v2\/pages"}],"about":[{"href":"https:\/\/lavintokarting.fi\/index.php?rest_route=\/wp\/v2\/types\/page"}],"author":[{"embeddable":true,"href":"https:\/\/lavintokarting.fi\/index.php?rest_route=\/wp\/v2\/users\/1"}],"replies":[{"embeddable":true,"href":"https:\/\/lavintokarting.fi\/index.php?rest_route=%2Fwp%2Fv2%2Fcomments&post=193"}],"version-history":[{"count":4,"href":"https:\/\/lavintokarting.fi\/index.php?rest_route=\/wp\/v2\/pages\/193\/revisions"}],"predecessor-version":[{"id":306,"href":"https:\/\/lavintokarting.fi\/index.php?rest_route=\/wp\/v2\/pages\/193\/revisions\/306"}],"wp:attachment":[{"href":"https:\/\/lavintokarting.fi\/index.php?rest_route=%2Fwp%2Fv2%2Fmedia&parent=193"}],"curies":[{"name":"wp","href":"https:\/\/api.w.org\/{rel}","templated":true}]}}