{"id":175,"date":"2026-03-31T17:17:36","date_gmt":"2026-03-31T17:17:36","guid":{"rendered":"https:\/\/lavintokarting.fi\/?page_id=175"},"modified":"2026-05-01T12:45:53","modified_gmt":"2026-05-01T12:45:53","slug":"elementor-175","status":"publish","type":"page","link":"https:\/\/lavintokarting.fi\/","title":{"rendered":"Etusivu"},"content":{"rendered":"\t\t<div data-elementor-type=\"wp-post\" data-elementor-id=\"175\" class=\"elementor elementor-175\">\n\t\t\t\t<div class=\"elementor-element elementor-element-e80283c e-flex e-con-boxed e-con e-parent\" data-id=\"e80283c\" data-element_type=\"container\" data-e-type=\"container\" data-settings=\"{&quot;background_background&quot;:&quot;slideshow&quot;,&quot;background_slideshow_gallery&quot;:[{&quot;id&quot;:182,&quot;url&quot;:&quot;https:\\\/\\\/lavintokarting.fi\\\/wp-content\\\/uploads\\\/2026\\\/03\\\/tausta2.jpeg&quot;},{&quot;id&quot;:181,&quot;url&quot;:&quot;https:\\\/\\\/lavintokarting.fi\\\/wp-content\\\/uploads\\\/2026\\\/03\\\/tausta1.jpeg&quot;}],&quot;background_slideshow_loop&quot;:&quot;yes&quot;,&quot;background_slideshow_slide_duration&quot;:5000,&quot;background_slideshow_slide_transition&quot;:&quot;fade&quot;,&quot;background_slideshow_transition_duration&quot;:500}\">\n\t\t\t\t\t<div class=\"e-con-inner\">\n\t\t\t\t\t\t\t<h2 \n\t\tdata-interaction-id=\"25be31d\" \n\t\tclass=\"e-25be31d-c859d32 e-heading-base\" \n\t\t \n\t\t\n\t>\n\t\n\t\t\tKOE VAUHTIA JA J\u00c4NNITYST\u00c4 \u2013<br>LAVINTOKARTING RADALLA!\n\t\t<\/h2>\n\t\t<div class=\"elementor-element elementor-element-bb87103 e-flex e-con-boxed e-con e-child\" data-id=\"bb87103\" data-element_type=\"container\" data-e-type=\"container\">\n\t\t\t\t\t<div class=\"e-con-inner\">\n\t\t\t\t\t    \t            <a\n            href=\"https:\/\/slotti.fi\/booking\/paintsplashoykartrentallavinto\/#?resource=2\" target=\"_blank\"\n            class=\"e-1e80636-983110e e-button-base\"\n            data-interaction-id=\"1e80636\"\n             \n        >\n            VARAA AJOTAPAHTUMA\n        <\/a>\n    \t\t\t\t\t    \t            <a\n            href=\"https:\/\/lavintokarting.fi\/?page_id=313\" target=\"_self\"\n            class=\"e-4f2a614-9fd6b2c e-button-base\"\n            data-interaction-id=\"4f2a614\"\n             \n        >\n            RATAP\u00c4IV\u00c4KIRJA\n        <\/a>\n    \t\t\t\t\t<\/div>\n\t\t\t\t<\/div>\n\t\t<div class=\"elementor-element elementor-element-8a268eb e-con-full e-flex e-con e-child\" data-id=\"8a268eb\" data-element_type=\"container\" data-e-type=\"container\">\n\t\t\t\t<\/div>\n\t\t<div class=\"elementor-element elementor-element-319171b e-con-full e-grid e-con e-child\" data-id=\"319171b\" data-element_type=\"container\" data-e-type=\"container\">\n\t\t\t\t<div class=\"elementor-element elementor-element-ce1f824 elementor-widget elementor-widget-image\" data-id=\"ce1f824\" data-element_type=\"widget\" data-e-type=\"widget\" data-widget_type=\"image.default\">\n\t\t\t\t\t\t\t\t\t\t\t\t\t\t\t\t<a href=\"https:\/\/lavintokarting.fi\/?page_id=193\">\n\t\t\t\t\t\t\t<img fetchpriority=\"high\" decoding=\"async\" width=\"198\" height=\"300\" src=\"https:\/\/lavintokarting.fi\/wp-content\/uploads\/2026\/04\/Nayttokuva-2026-04-05-153612-198x300.webp\" class=\"attachment-medium size-medium wp-image-189\" alt=\"\" srcset=\"https:\/\/lavintokarting.fi\/wp-content\/uploads\/2026\/04\/Nayttokuva-2026-04-05-153612-198x300.webp 198w, https:\/\/lavintokarting.fi\/wp-content\/uploads\/2026\/04\/Nayttokuva-2026-04-05-153612.webp 201w\" sizes=\"(max-width: 198px) 100vw, 198px\" \/>\t\t\t\t\t\t\t\t<\/a>\n\t\t\t\t\t\t\t\t\t\t\t\t\t\t\t<\/div>\n\t\t\t\t\t\t\t\n\t\t\t<img class=\"e-image-base \" \n\t\t\t\t\tdata-interaction-id=\"3a496b4\" \n\t\t \n\t\t \n\t\t\t\t\t\t\t\t\tid=\"192\"\n\t\t\t\t\t\t\t\t\t\t\t\tsrc=\"https:\/\/lavintokarting.fi\/wp-content\/uploads\/2026\/04\/Nayttokuva-2026-04-05-163407-168x300.webp\"\n\t\t\t\t\t\t\t\t\t\t\t\twidth=\"168\"\n\t\t\t\t\t\t\t\t\t\t\t\theight=\"300\"\n\t\t\t\t\t\t\t\t\t\t\t\tsrcset=\"https:\/\/lavintokarting.fi\/wp-content\/uploads\/2026\/04\/Nayttokuva-2026-04-05-163407-168x300.webp 168w, https:\/\/lavintokarting.fi\/wp-content\/uploads\/2026\/04\/Nayttokuva-2026-04-05-163407.webp 314w\"\n\t\t\t\t\t\t\t\t\t\t\t\talt=\"\"\n\t\t\t\t\t\t\/>\n\t\t\t\t\t\t\t\t\n\t\t\t\t<a\n\t\t\thref=\"https:\/\/lavintokarting.fi\/?page_id=102\" target=\"_self\"\n\t\t\tclass=\"e-image-link-base\"\n\t\t\tdata-interaction-id=\"0b3117a\"\n\t\t>\n\t\t<img class=\"e-image-base \" \n\t\t\t\t\tdata-interaction-id=\"0b3117a\" \n\t\t \n\t\t \n\t\t\t\t\t\t\t\t\tid=\"190\"\n\t\t\t\t\t\t\t\t\t\t\t\tsrc=\"https:\/\/lavintokarting.fi\/wp-content\/uploads\/2026\/04\/Nayttokuva-2026-04-05-162906.webp\"\n\t\t\t\t\t\t\t\t\t\t\t\twidth=\"193\"\n\t\t\t\t\t\t\t\t\t\t\t\theight=\"294\"\n\t\t\t\t\t\t\t\t\t\t\t\tsrcset=\"\"\n\t\t\t\t\t\t\t\t\t\t\t\talt=\"\"\n\t\t\t\t\t\t\/>\n\t\t\t<\/a>\n\t\t\t\t\t<\/div>\n\t\t\t\t<div class=\"elementor-element elementor-element-e40bdc1 e-con e-atomic-element e-flexbox-base\" data-id=\"e40bdc1\" data-element_type=\"e-flexbox\" data-e-type=\"e-flexbox\" data-interaction-id=\"e40bdc1\">\n\t\t<div class=\"elementor-element elementor-element-a63a0c9 e-flex e-con-boxed e-con e-parent\" data-id=\"a63a0c9\" data-element_type=\"container\" data-e-type=\"container\">\n\t\t\t\t\t<div class=\"e-con-inner\">\n\t\t\t\t<div class=\"elementor-element elementor-element-8a026d7 elementor-widget elementor-widget-heading\" data-id=\"8a026d7\" data-element_type=\"widget\" data-e-type=\"widget\" data-widget_type=\"heading.default\">\n\t\t\t\t\t<h2 class=\"elementor-heading-title elementor-size-default\">Tulevat tapahtumat<\/h2>\t\t\t\t<\/div>\n\t\t\t\t<div class=\"elementor-element elementor-element-8309830 elementor-widget elementor-widget-text-editor\" data-id=\"8309830\" data-element_type=\"widget\" data-e-type=\"widget\" data-widget_type=\"text-editor.default\">\n\t\t\t\t\t\t\t\t\t<p>7.4 Rata auki ja kausi p\u00e4\u00e4see alkamaan<br \/>\u200b<br \/>10.5 \u00c4itienp\u00e4ivien ajelu. Lis\u00e4tietoja Facebookissa<\/p>\t\t\t\t\t\t\t\t<\/div>\n\t\t\t\t\t<\/div>\n\t\t\t\t<\/div>\n\t\t<div class=\"elementor-element elementor-element-2994a0f e-flex e-con-boxed e-con e-parent\" data-id=\"2994a0f\" data-element_type=\"container\" data-e-type=\"container\">\n\t\t\t\t\t<div class=\"e-con-inner\">\n\t\t\t\t<div class=\"elementor-element elementor-element-5186ab0 elementor-widget elementor-widget-html\" data-id=\"5186ab0\" data-element_type=\"widget\" data-e-type=\"widget\" data-widget_type=\"html.default\">\n\t\t\t\t\t<iframe src=\"https:\/\/www.google.com\/maps\/embed?pb=!1m18!1m12!1m3!1d2308.108460452445!2d24.88697847735087!3d60.81098159155304!2m3!1f0!2f0!3f0!3m2!1i1024!2i768!4f13.1!3m3!1m2!1s0x468e14688542e867%3A0xf68c5eb9c08d1d7e!2sLavinto%20Karting!5e1!3m2!1sfi!2sfi!4v1775397528416!5m2!1sfi!2sfi\" width=\"600\" height=\"450\" style=\"border:0;\" allowfullscreen=\"\" loading=\"lazy\" referrerpolicy=\"no-referrer-when-downgrade\"><\/iframe>\t\t\t\t<\/div>\n\t\t\t\t<div class=\"elementor-element elementor-element-81991e7 elementor-widget__width-initial elementor-widget elementor-widget-text-editor\" data-id=\"81991e7\" data-element_type=\"widget\" data-e-type=\"widget\" data-widget_type=\"text-editor.default\">\n\t\t\t\t\t\t\t\t\t<p>Aukioloajat<br \/>Ma-Ti,To-Pe\u00a0 \u00a0 9:00 &#8211; 20:00<br \/>La\u00a0 \u00a0 \u00a0 \u00a0 \u00a0 \u00a0 \u00a0 \u00a0 \u00a0 \u00a0 \u00a09:00 &#8211; 16:00<br \/>Su\u00a0 \u00a0 \u00a0 \u00a0 \u00a0 \u00a0 \u00a0 \u00a0 \u00a0 \u00a0 12:00 &#8211; 18:00<\/p>\t\t\t\t\t\t\t\t<\/div>\n\t\t\t\t\t<\/div>\n\t\t\t\t<\/div>\n\t\t\t\t<\/div>\n\t\t\t\t\t<\/div>\n\t\t\t\t<\/div>\n\t\t\t\t<\/div>\n\t\t","protected":false},"excerpt":{"rendered":"<p>KOE VAUHTIA JA J\u00c4NNITYST\u00c4 \u2013LAVINTOKARTING RADALLA! VARAA AJOTAPAHTUMA RATAP\u00c4IV\u00c4KIRJA Tulevat tapahtumat 7.4 Rata auki ja kausi p\u00e4\u00e4see alkamaan\u200b10.5 \u00c4itienp\u00e4ivien ajelu. Lis\u00e4tietoja Facebookissa AukioloajatMa-Ti,To-Pe\u00a0 \u00a0 9:00 &#8211; 20:00La\u00a0 \u00a0 \u00a0 \u00a0 \u00a0 \u00a0 \u00a0 \u00a0 \u00a0 \u00a0 \u00a09:00 &#8211; 16:00Su\u00a0 \u00a0 \u00a0 \u00a0 \u00a0 \u00a0 \u00a0 \u00a0 \u00a0 \u00a0 12:00 &#8211; 18:00<\/p>\n","protected":false},"author":1,"featured_media":0,"parent":0,"menu_order":0,"comment_status":"closed","ping_status":"closed","template":"","meta":{"_kad_post_transparent":"","_kad_post_title":"","_kad_post_layout":"","_kad_post_sidebar_id":"","_kad_post_content_style":"","_kad_post_vertical_padding":"","_kad_post_feature":"","_kad_post_feature_position":"","_kad_post_header":false,"_kad_post_footer":false,"_kad_post_classname":"","footnotes":""},"class_list":["post-175","page","type-page","status-publish","hentry"],"jetpack_sharing_enabled":true,"_links":{"self":[{"href":"https:\/\/lavintokarting.fi\/index.php?rest_route=\/wp\/v2\/pages\/175","targetHints":{"allow":["GET"]}}],"collection":[{"href":"https:\/\/lavintokarting.fi\/index.php?rest_route=\/wp\/v2\/pages"}],"about":[{"href":"https:\/\/lavintokarting.fi\/index.php?rest_route=\/wp\/v2\/types\/page"}],"author":[{"embeddable":true,"href":"https:\/\/lavintokarting.fi\/index.php?rest_route=\/wp\/v2\/users\/1"}],"replies":[{"embeddable":true,"href":"https:\/\/lavintokarting.fi\/index.php?rest_route=%2Fwp%2Fv2%2Fcomments&post=175"}],"version-history":[{"count":46,"href":"https:\/\/lavintokarting.fi\/index.php?rest_route=\/wp\/v2\/pages\/175\/revisions"}],"predecessor-version":[{"id":386,"href":"https:\/\/lavintokarting.fi\/index.php?rest_route=\/wp\/v2\/pages\/175\/revisions\/386"}],"wp:attachment":[{"href":"https:\/\/lavintokarting.fi\/index.php?rest_route=%2Fwp%2Fv2%2Fmedia&parent=175"}],"curies":[{"name":"wp","href":"https:\/\/api.w.org\/{rel}","templated":true}]}}